{"id":46,"date":"2020-01-17T11:30:56","date_gmt":"2020-01-17T10:30:56","guid":{"rendered":"https:\/\/weddings-in-provence.com\/?page_id=46"},"modified":"2024-04-16T10:48:14","modified_gmt":"2024-04-16T08:48:14","slug":"contact","status":"publish","type":"page","link":"https:\/\/weddings-in-provence.com\/en\/contact\/","title":{"rendered":"Contact"},"content":{"rendered":"\t\t<div data-elementor-type=\"wp-page\" data-elementor-id=\"46\" class=\"elementor elementor-46\" data-elementor-post-type=\"page\">\n\t\t\t\t\t\t<section class=\"elementor-section elementor-top-section elementor-element elementor-element-a65d859 elementor-section-full_width elementor-section-height-default elementor-section-height-default\" data-id=\"a65d859\" data-element_type=\"section\" data-e-type=\"section\">\n\t\t\t\t\t\t<div class=\"elementor-container elementor-column-gap-no\">\n\t\t\t\t\t<div class=\"elementor-column elementor-col-100 elementor-top-column elementor-element elementor-element-dd72bcb\" data-id=\"dd72bcb\" data-element_type=\"column\" data-e-type=\"column\">\n\t\t\t<div class=\"elementor-widget-wrap elementor-element-populated\">\n\t\t\t\t\t\t<div class=\"elementor-element elementor-element-ff59662 elementor-widget elementor-widget-html\" data-id=\"ff59662\" data-element_type=\"widget\" data-e-type=\"widget\" data-widget_type=\"html.default\">\n\t\t\t\t<div class=\"elementor-widget-container\">\n\t\t\t\t\t<div class=\"pano\"><\/div>\t\t\t\t<\/div>\n\t\t\t\t<\/div>\n\t\t\t\t\t<\/div>\n\t\t<\/div>\n\t\t\t\t\t<\/div>\n\t\t<\/section>\n\t\t\t\t<section class=\"elementor-section elementor-top-section elementor-element elementor-element-464cf96 contact-form elementor-section-boxed elementor-section-height-default elementor-section-height-default\" data-id=\"464cf96\" data-element_type=\"section\" data-e-type=\"section\">\n\t\t\t\t\t\t<div class=\"elementor-container elementor-column-gap-default\">\n\t\t\t\t\t<div class=\"elementor-column elementor-col-50 elementor-top-column elementor-element elementor-element-7010191\" data-id=\"7010191\" data-element_type=\"column\" data-e-type=\"column\">\n\t\t\t<div class=\"elementor-widget-wrap elementor-element-populated\">\n\t\t\t\t\t\t<div class=\"elementor-element elementor-element-c890d02 elementor-widget elementor-widget-heading\" data-id=\"c890d02\" data-element_type=\"widget\" data-e-type=\"widget\" data-widget_type=\"heading.default\">\n\t\t\t\t<div class=\"elementor-widget-container\">\n\t\t\t\t\t<h2 class=\"elementor-heading-title elementor-size-default\">Contactez-nous !<\/h2>\t\t\t\t<\/div>\n\t\t\t\t<\/div>\n\t\t\t\t<div class=\"elementor-element elementor-element-291fd5a elementor-button-align-end elementor-widget elementor-widget-form\" data-id=\"291fd5a\" data-element_type=\"widget\" data-e-type=\"widget\" data-settings=\"{&quot;step_next_label&quot;:&quot;Suivant&quot;,&quot;step_previous_label&quot;:&quot;Pr\\u00e9c\\u00e9dent&quot;,&quot;button_width&quot;:&quot;100&quot;,&quot;step_type&quot;:&quot;number_text&quot;,&quot;step_icon_shape&quot;:&quot;circle&quot;}\" data-widget_type=\"form.default\">\n\t\t\t\t<div class=\"elementor-widget-container\">\n\t\t\t\t\t\t\t<form class=\"elementor-form\" method=\"post\" name=\"Weddings in Provence\" aria-label=\"Weddings in Provence\">\n\t\t\t<input type=\"hidden\" name=\"post_id\" value=\"46\"\/>\n\t\t\t<input type=\"hidden\" name=\"form_id\" value=\"291fd5a\"\/>\n\t\t\t<input type=\"hidden\" name=\"referer_title\" value=\"Contactez Marion Roche - Weddings in Provence\" \/>\n\n\t\t\t\t\t\t\t<input type=\"hidden\" name=\"queried_id\" value=\"46\"\/>\n\t\t\t\n\t\t\t<div class=\"elementor-form-fields-wrapper elementor-labels-\">\n\t\t\t\t\t\t\t\t<div class=\"elementor-field-type-text elementor-field-group elementor-column elementor-field-group-prenom elementor-col-50 elementor-field-required\">\n\t\t\t\t\t\t\t\t\t\t\t\t<label for=\"form-field-prenom\" class=\"elementor-field-label elementor-screen-only\">\n\t\t\t\t\t\t\t\tPrenom\t\t\t\t\t\t\t<\/label>\n\t\t\t\t\t\t\t\t\t\t\t\t\t\t<input size=\"1\" type=\"text\" name=\"form_fields[prenom]\" id=\"form-field-prenom\" class=\"elementor-field elementor-size-sm  elementor-field-textual\" placeholder=\"Pr\u00e9nom\" required=\"required\">\n\t\t\t\t\t\t\t\t\t\t\t<\/div>\n\t\t\t\t\t\t\t\t<div class=\"elementor-field-type-text elementor-field-group elementor-column elementor-field-group-nom elementor-col-50 elementor-field-required\">\n\t\t\t\t\t\t\t\t\t\t\t\t<label for=\"form-field-nom\" class=\"elementor-field-label elementor-screen-only\">\n\t\t\t\t\t\t\t\tNom\t\t\t\t\t\t\t<\/label>\n\t\t\t\t\t\t\t\t\t\t\t\t\t\t<input size=\"1\" type=\"text\" name=\"form_fields[nom]\" id=\"form-field-nom\" class=\"elementor-field elementor-size-sm  elementor-field-textual\" placeholder=\"Nom\" required=\"required\">\n\t\t\t\t\t\t\t\t\t\t\t<\/div>\n\t\t\t\t\t\t\t\t<div class=\"elementor-field-type-email elementor-field-group elementor-column elementor-field-group-email elementor-col-50 elementor-field-required\">\n\t\t\t\t\t\t\t\t\t\t\t\t<label for=\"form-field-email\" class=\"elementor-field-label elementor-screen-only\">\n\t\t\t\t\t\t\t\tE-mail\t\t\t\t\t\t\t<\/label>\n\t\t\t\t\t\t\t\t\t\t\t\t\t\t<input size=\"1\" type=\"email\" name=\"form_fields[email]\" id=\"form-field-email\" class=\"elementor-field elementor-size-sm  elementor-field-textual\" placeholder=\"E-mail\" required=\"required\">\n\t\t\t\t\t\t\t\t\t\t\t<\/div>\n\t\t\t\t\t\t\t\t<div class=\"elementor-field-type-tel elementor-field-group elementor-column elementor-field-group-telephone elementor-col-50 elementor-field-required\">\n\t\t\t\t\t\t\t\t\t\t\t\t<label for=\"form-field-telephone\" class=\"elementor-field-label elementor-screen-only\">\n\t\t\t\t\t\t\t\tTelephone\t\t\t\t\t\t\t<\/label>\n\t\t\t\t\t\t\t\t<input size=\"1\" type=\"tel\" name=\"form_fields[telephone]\" id=\"form-field-telephone\" class=\"elementor-field elementor-size-sm  elementor-field-textual\" placeholder=\"T\u00e9l\u00e9phone\" required=\"required\" pattern=\"[0-9()#&amp;+*-=.]+\" title=\"Seuls les caract\u00e8res de num\u00e9ros de t\u00e9l\u00e9phone (#, -, *, etc.) sont accept\u00e9s.\">\n\n\t\t\t\t\t\t<\/div>\n\t\t\t\t\t\t\t\t<div class=\"elementor-field-type-text\">\n\t\t\t\t\t<input size=\"1\" type=\"text\" name=\"form_fields[website]\" id=\"form-field-website\" class=\"elementor-field elementor-size-sm \" style=\"display:none !important;\">\t\t\t\t<\/div>\n\t\t\t\t\t\t\t\t<div class=\"elementor-field-type-textarea elementor-field-group elementor-column elementor-field-group-message elementor-col-100\">\n\t\t\t\t\t\t\t\t\t\t\t\t<label for=\"form-field-message\" class=\"elementor-field-label elementor-screen-only\">\n\t\t\t\t\t\t\t\tMessage\t\t\t\t\t\t\t<\/label>\n\t\t\t\t\t\t<textarea class=\"elementor-field-textual elementor-field  elementor-size-sm\" name=\"form_fields[message]\" id=\"form-field-message\" rows=\"4\" placeholder=\"Message\"><\/textarea>\t\t\t\t<\/div>\n\t\t\t\t\t\t\t\t<div class=\"elementor-field-type-recaptcha elementor-field-group elementor-column elementor-field-group-recaptcha elementor-col-100\">\n\t\t\t\t\t<div class=\"elementor-field\" id=\"form-field-recaptcha\"><div class=\"elementor-g-recaptcha\" data-sitekey=\"6LeyNOAUAAAAABmHnNRM2aIaLBFdieeJyAOuDoiq\" data-type=\"v2_checkbox\" data-theme=\"light\" data-size=\"normal\"><\/div><\/div>\t\t\t\t<\/div>\n\t\t\t\t\t\t\t\t<div class=\"elementor-field-group elementor-column elementor-field-type-submit elementor-col-100 e-form__buttons\">\n\t\t\t\t\t<button class=\"elementor-button elementor-size-sm\" type=\"submit\">\n\t\t\t\t\t\t<span class=\"elementor-button-content-wrapper\">\n\t\t\t\t\t\t\t\t\t\t\t\t\t\t\t\t\t\t\t\t\t\t<span class=\"elementor-button-text\">Envoyer<\/span>\n\t\t\t\t\t\t\t\t\t\t\t\t\t<\/span>\n\t\t\t\t\t<\/button>\n\t\t\t\t<\/div>\n\t\t\t<\/div>\n\t\t<\/form>\n\t\t\t\t\t\t<\/div>\n\t\t\t\t<\/div>\n\t\t\t\t\t<\/div>\n\t\t<\/div>\n\t\t\t\t<div class=\"elementor-column elementor-col-50 elementor-top-column elementor-element elementor-element-524bbcc\" data-id=\"524bbcc\" data-element_type=\"column\" data-e-type=\"column\">\n\t\t\t<div class=\"elementor-widget-wrap elementor-element-populated\">\n\t\t\t\t\t\t<div class=\"elementor-element elementor-element-3f0366a elementor-widget-divider--view-line elementor-widget elementor-widget-divider\" data-id=\"3f0366a\" data-element_type=\"widget\" data-e-type=\"widget\" data-widget_type=\"divider.default\">\n\t\t\t\t<div class=\"elementor-widget-container\">\n\t\t\t\t\t\t\t<div class=\"elementor-divider\">\n\t\t\t<span class=\"elementor-divider-separator\">\n\t\t\t\t\t\t<\/span>\n\t\t<\/div>\n\t\t\t\t\t\t<\/div>\n\t\t\t\t<\/div>\n\t\t\t\t<div class=\"elementor-element elementor-element-29ad3ac elementor-widget elementor-widget-heading\" data-id=\"29ad3ac\" data-element_type=\"widget\" data-e-type=\"widget\" data-widget_type=\"heading.default\">\n\t\t\t\t<div class=\"elementor-widget-container\">\n\t\t\t\t\t<p class=\"elementor-heading-title elementor-size-default\">Cairanne | L'Isle-sur-la-Sorgue<\/p>\t\t\t\t<\/div>\n\t\t\t\t<\/div>\n\t\t\t\t<div class=\"elementor-element elementor-element-841c915 elementor-widget elementor-widget-heading\" data-id=\"841c915\" data-element_type=\"widget\" data-e-type=\"widget\" data-widget_type=\"heading.default\">\n\t\t\t\t<div class=\"elementor-widget-container\">\n\t\t\t\t\t<p class=\"elementor-heading-title elementor-size-default\"><a href=\"tel:+33602623007\">Tel : +33 (0)6 02 62 30 07<\/a><\/p>\t\t\t\t<\/div>\n\t\t\t\t<\/div>\n\t\t\t\t<div class=\"elementor-element elementor-element-f5c462a elementor-widget elementor-widget-heading\" data-id=\"f5c462a\" data-element_type=\"widget\" data-e-type=\"widget\" data-widget_type=\"heading.default\">\n\t\t\t\t<div class=\"elementor-widget-container\">\n\t\t\t\t\t<p class=\"elementor-heading-title elementor-size-default\"><a href=\"mailto:contact@weddings-in-provence.com\">contact@weddings-in-provence.com\n<\/a><\/p>\t\t\t\t<\/div>\n\t\t\t\t<\/div>\n\t\t\t\t<div class=\"elementor-element elementor-element-e79c5de elementor-widget-divider--view-line elementor-widget elementor-widget-divider\" data-id=\"e79c5de\" data-element_type=\"widget\" data-e-type=\"widget\" data-widget_type=\"divider.default\">\n\t\t\t\t<div class=\"elementor-widget-container\">\n\t\t\t\t\t\t\t<div class=\"elementor-divider\">\n\t\t\t<span class=\"elementor-divider-separator\">\n\t\t\t\t\t\t<\/span>\n\t\t<\/div>\n\t\t\t\t\t\t<\/div>\n\t\t\t\t<\/div>\n\t\t\t\t\t<\/div>\n\t\t<\/div>\n\t\t\t\t\t<\/div>\n\t\t<\/section>\n\t\t\t\t<section class=\"elementor-section elementor-top-section elementor-element elementor-element-fd60323 elementor-section-full_width elementor-section-height-default elementor-section-height-default\" data-id=\"fd60323\" data-element_type=\"section\" data-e-type=\"section\">\n\t\t\t\t\t\t<div class=\"elementor-container elementor-column-gap-no\">\n\t\t\t\t\t<div class=\"elementor-column elementor-col-100 elementor-top-column elementor-element elementor-element-fafb1de\" data-id=\"fafb1de\" data-element_type=\"column\" data-e-type=\"column\">\n\t\t\t<div class=\"elementor-widget-wrap elementor-element-populated\">\n\t\t\t\t\t\t<div class=\"elementor-element elementor-element-8c96711 elementor-widget elementor-widget-html\" data-id=\"8c96711\" data-element_type=\"widget\" data-e-type=\"widget\" data-widget_type=\"html.default\">\n\t\t\t\t<div class=\"elementor-widget-container\">\n\t\t\t\t\t<iframe src=\"https:\/\/snazzymaps.com\/embed\/213004\" width=\"100%\" height=\"600px\" style=\"border:none;\"><\/iframe>\t\t\t\t<\/div>\n\t\t\t\t<\/div>\n\t\t\t\t\t<\/div>\n\t\t<\/div>\n\t\t\t\t\t<\/div>\n\t\t<\/section>\n\t\t\t\t<\/div>\n\t\t","protected":false},"excerpt":{"rendered":"<p>Contactez-nous ! Cairanne | L&rsquo;Isle-sur-la-Sorgue Tel : +33 (0)6 02 62 30 07 contact@weddings-in-provence.com<\/p>","protected":false},"author":1,"featured_media":0,"parent":0,"menu_order":0,"comment_status":"closed","ping_status":"closed","template":"","meta":{"_acf_changed":false,"footnotes":""},"class_list":["post-46","page","type-page","status-publish","hentry"],"acf":[],"yoast_head":"<!-- This site is optimized with the Yoast SEO plugin v27.6 - https:\/\/yoast.com\/product\/yoast-seo-wordpress\/ -->\n<title>Contactez Marion Roche - Weddings in Provence<\/title>\n<meta name=\"description\" content=\"Pour une premi\u00e8re prise de contact, une question, plus d\u2019informations sur nos prestations de wedding planner.\" \/>\n<meta name=\"robots\" content=\"index, follow, max-snippet:-1, max-image-preview:large, max-video-preview:-1\" \/>\n<link rel=\"canonical\" href=\"https:\/\/weddings-in-provence.com\/en\/contact\/\" \/>\n<meta property=\"og:locale\" content=\"en_US\" \/>\n<meta property=\"og:type\" content=\"article\" \/>\n<meta property=\"og:title\" content=\"Contactez Marion Roche - Weddings in Provence\" \/>\n<meta property=\"og:description\" content=\"Pour une premi\u00e8re prise de contact, une question, plus d\u2019informations sur nos prestations de wedding planner.\" \/>\n<meta property=\"og:url\" content=\"https:\/\/weddings-in-provence.com\/en\/contact\/\" \/>\n<meta property=\"og:site_name\" content=\"Weddings in Provence\" \/>\n<meta property=\"article:modified_time\" content=\"2024-04-16T08:48:14+00:00\" \/>\n<meta name=\"twitter:card\" content=\"summary_large_image\" \/>\n<meta name=\"twitter:label1\" content=\"Est. reading time\" \/>\n\t<meta name=\"twitter:data1\" content=\"1 minute\" \/>\n<script type=\"application\/ld+json\" class=\"yoast-schema-graph\">{\"@context\":\"https:\\\/\\\/schema.org\",\"@graph\":[{\"@type\":\"WebPage\",\"@id\":\"https:\\\/\\\/weddings-in-provence.com\\\/contact\\\/\",\"url\":\"https:\\\/\\\/weddings-in-provence.com\\\/contact\\\/\",\"name\":\"Contactez Marion Roche - Weddings in Provence\",\"isPartOf\":{\"@id\":\"https:\\\/\\\/weddings-in-provence.com\\\/#website\"},\"datePublished\":\"2020-01-17T10:30:56+00:00\",\"dateModified\":\"2024-04-16T08:48:14+00:00\",\"description\":\"Pour une premi\u00e8re prise de contact, une question, plus d\u2019informations sur nos prestations de wedding planner.\",\"breadcrumb\":{\"@id\":\"https:\\\/\\\/weddings-in-provence.com\\\/contact\\\/#breadcrumb\"},\"inLanguage\":\"en-US\",\"potentialAction\":[{\"@type\":\"ReadAction\",\"target\":[\"https:\\\/\\\/weddings-in-provence.com\\\/contact\\\/\"]}]},{\"@type\":\"BreadcrumbList\",\"@id\":\"https:\\\/\\\/weddings-in-provence.com\\\/contact\\\/#breadcrumb\",\"itemListElement\":[{\"@type\":\"ListItem\",\"position\":1,\"name\":\"Accueil\",\"item\":\"https:\\\/\\\/weddings-in-provence.com\\\/\"},{\"@type\":\"ListItem\",\"position\":2,\"name\":\"Contact\"}]},{\"@type\":\"WebSite\",\"@id\":\"https:\\\/\\\/weddings-in-provence.com\\\/#website\",\"url\":\"https:\\\/\\\/weddings-in-provence.com\\\/\",\"name\":\"Weddings in Provence\",\"description\":\"Un mariage d&#039;exception en Provence\",\"publisher\":{\"@id\":\"https:\\\/\\\/weddings-in-provence.com\\\/#organization\"},\"potentialAction\":[{\"@type\":\"SearchAction\",\"target\":{\"@type\":\"EntryPoint\",\"urlTemplate\":\"https:\\\/\\\/weddings-in-provence.com\\\/?s={search_term_string}\"},\"query-input\":{\"@type\":\"PropertyValueSpecification\",\"valueRequired\":true,\"valueName\":\"search_term_string\"}}],\"inLanguage\":\"en-US\"},{\"@type\":\"Organization\",\"@id\":\"https:\\\/\\\/weddings-in-provence.com\\\/#organization\",\"name\":\"Weddings in Provence\",\"url\":\"https:\\\/\\\/weddings-in-provence.com\\\/\",\"logo\":{\"@type\":\"ImageObject\",\"inLanguage\":\"en-US\",\"@id\":\"https:\\\/\\\/weddings-in-provence.com\\\/#\\\/schema\\\/logo\\\/image\\\/\",\"url\":\"https:\\\/\\\/weddings-in-provence.com\\\/wp-content\\\/uploads\\\/2020\\\/03\\\/WIP-logo-or.png\",\"contentUrl\":\"https:\\\/\\\/weddings-in-provence.com\\\/wp-content\\\/uploads\\\/2020\\\/03\\\/WIP-logo-or.png\",\"width\":1014,\"height\":1024,\"caption\":\"Weddings in Provence\"},\"image\":{\"@id\":\"https:\\\/\\\/weddings-in-provence.com\\\/#\\\/schema\\\/logo\\\/image\\\/\"}}]}<\/script>\n<!-- \/ Yoast SEO plugin. -->","yoast_head_json":{"title":"Contactez Marion Roche - Weddings in Provence","description":"Pour une premi\u00e8re prise de contact, une question, plus d\u2019informations sur nos prestations de wedding planner.","robots":{"index":"index","follow":"follow","max-snippet":"max-snippet:-1","max-image-preview":"max-image-preview:large","max-video-preview":"max-video-preview:-1"},"canonical":"https:\/\/weddings-in-provence.com\/en\/contact\/","og_locale":"en_US","og_type":"article","og_title":"Contactez Marion Roche - Weddings in Provence","og_description":"Pour une premi\u00e8re prise de contact, une question, plus d\u2019informations sur nos prestations de wedding planner.","og_url":"https:\/\/weddings-in-provence.com\/en\/contact\/","og_site_name":"Weddings in Provence","article_modified_time":"2024-04-16T08:48:14+00:00","twitter_card":"summary_large_image","twitter_misc":{"Est. reading time":"1 minute"},"schema":{"@context":"https:\/\/schema.org","@graph":[{"@type":"WebPage","@id":"https:\/\/weddings-in-provence.com\/contact\/","url":"https:\/\/weddings-in-provence.com\/contact\/","name":"Contactez Marion Roche - Weddings in Provence","isPartOf":{"@id":"https:\/\/weddings-in-provence.com\/#website"},"datePublished":"2020-01-17T10:30:56+00:00","dateModified":"2024-04-16T08:48:14+00:00","description":"Pour une premi\u00e8re prise de contact, une question, plus d\u2019informations sur nos prestations de wedding planner.","breadcrumb":{"@id":"https:\/\/weddings-in-provence.com\/contact\/#breadcrumb"},"inLanguage":"en-US","potentialAction":[{"@type":"ReadAction","target":["https:\/\/weddings-in-provence.com\/contact\/"]}]},{"@type":"BreadcrumbList","@id":"https:\/\/weddings-in-provence.com\/contact\/#breadcrumb","itemListElement":[{"@type":"ListItem","position":1,"name":"Accueil","item":"https:\/\/weddings-in-provence.com\/"},{"@type":"ListItem","position":2,"name":"Contact"}]},{"@type":"WebSite","@id":"https:\/\/weddings-in-provence.com\/#website","url":"https:\/\/weddings-in-provence.com\/","name":"Weddings in Provence","description":"Un mariage d&#039;exception en Provence","publisher":{"@id":"https:\/\/weddings-in-provence.com\/#organization"},"potentialAction":[{"@type":"SearchAction","target":{"@type":"EntryPoint","urlTemplate":"https:\/\/weddings-in-provence.com\/?s={search_term_string}"},"query-input":{"@type":"PropertyValueSpecification","valueRequired":true,"valueName":"search_term_string"}}],"inLanguage":"en-US"},{"@type":"Organization","@id":"https:\/\/weddings-in-provence.com\/#organization","name":"Weddings in Provence","url":"https:\/\/weddings-in-provence.com\/","logo":{"@type":"ImageObject","inLanguage":"en-US","@id":"https:\/\/weddings-in-provence.com\/#\/schema\/logo\/image\/","url":"https:\/\/weddings-in-provence.com\/wp-content\/uploads\/2020\/03\/WIP-logo-or.png","contentUrl":"https:\/\/weddings-in-provence.com\/wp-content\/uploads\/2020\/03\/WIP-logo-or.png","width":1014,"height":1024,"caption":"Weddings in Provence"},"image":{"@id":"https:\/\/weddings-in-provence.com\/#\/schema\/logo\/image\/"}}]}},"_links":{"self":[{"href":"https:\/\/weddings-in-provence.com\/en\/wp-json\/wp\/v2\/pages\/46","targetHints":{"allow":["GET"]}}],"collection":[{"href":"https:\/\/weddings-in-provence.com\/en\/wp-json\/wp\/v2\/pages"}],"about":[{"href":"https:\/\/weddings-in-provence.com\/en\/wp-json\/wp\/v2\/types\/page"}],"author":[{"embeddable":true,"href":"https:\/\/weddings-in-provence.com\/en\/wp-json\/wp\/v2\/users\/1"}],"replies":[{"embeddable":true,"href":"https:\/\/weddings-in-provence.com\/en\/wp-json\/wp\/v2\/comments?post=46"}],"version-history":[{"count":3,"href":"https:\/\/weddings-in-provence.com\/en\/wp-json\/wp\/v2\/pages\/46\/revisions"}],"predecessor-version":[{"id":2553,"href":"https:\/\/weddings-in-provence.com\/en\/wp-json\/wp\/v2\/pages\/46\/revisions\/2553"}],"wp:attachment":[{"href":"https:\/\/weddings-in-provence.com\/en\/wp-json\/wp\/v2\/media?parent=46"}],"curies":[{"name":"wp","href":"https:\/\/api.w.org\/{rel}","templated":true}]}}