{"id":1527,"date":"2020-03-05T12:02:46","date_gmt":"2020-03-05T11:02:46","guid":{"rendered":"https:\/\/weddings-in-provence.com\/?page_id=1527"},"modified":"2020-03-18T17:18:21","modified_gmt":"2020-03-18T16:18:21","slug":"nos-partenaires","status":"publish","type":"page","link":"https:\/\/weddings-in-provence.com\/en\/nos-partenaires\/","title":{"rendered":"Our partners"},"content":{"rendered":"<div data-elementor-type=\"wp-page\" data-elementor-id=\"1527\" class=\"elementor elementor-1527\" data-elementor-post-type=\"page\">\n\t\t\t\t\t\t<section class=\"elementor-section elementor-top-section elementor-element elementor-element-69d580d elementor-section-boxed elementor-section-height-default elementor-section-height-default\" data-id=\"69d580d\" data-element_type=\"section\" data-e-type=\"section\" data-settings=\"{&quot;background_background&quot;:&quot;classic&quot;}\">\n\t\t\t\t\t\t<div class=\"elementor-container elementor-column-gap-default\">\n\t\t\t\t\t<div class=\"elementor-column elementor-col-100 elementor-top-column elementor-element elementor-element-2714611\" data-id=\"2714611\" data-element_type=\"column\" data-e-type=\"column\">\n\t\t\t<div class=\"elementor-widget-wrap elementor-element-populated\">\n\t\t\t\t\t\t<div class=\"elementor-element elementor-element-cf67610 elementor-widget elementor-widget-heading\" data-id=\"cf67610\" data-element_type=\"widget\" data-e-type=\"widget\" data-widget_type=\"heading.default\">\n\t\t\t\t<div class=\"elementor-widget-container\">\n\t\t\t\t\t<h4 class=\"elementor-heading-title elementor-size-default\">Un esprit d'\u00e9quipe<\/h4>\t\t\t\t<\/div>\n\t\t\t\t<\/div>\n\t\t\t\t<div class=\"elementor-element elementor-element-fe1a782 elementor-widget elementor-widget-heading\" data-id=\"fe1a782\" data-element_type=\"widget\" data-e-type=\"widget\" data-widget_type=\"heading.default\">\n\t\t\t\t<div class=\"elementor-widget-container\">\n\t\t\t\t\t<h2 class=\"elementor-heading-title elementor-size-default\">Our partners<\/h2>\t\t\t\t<\/div>\n\t\t\t\t<\/div>\n\t\t\t\t<div class=\"elementor-element elementor-element-79d40e9 roboto elementor-widget elementor-widget-heading\" data-id=\"79d40e9\" data-element_type=\"widget\" data-e-type=\"widget\" data-widget_type=\"heading.default\">\n\t\t\t\t<div class=\"elementor-widget-container\">\n\t\t\t\t\t<p class=\"elementor-heading-title elementor-size-default\">L\u2019organisation d\u2019un&nbsp;\u00e9v\u00e9nement, c\u2019est aussi et&nbsp;surtout un&nbsp;travail d\u2019\u00e9quipe entre tous&nbsp;les&nbsp;prestataires. C\u2019est&nbsp;la&nbsp;raison pour&nbsp;laquelle nous&nbsp;s\u00e9lectionnons des&nbsp;partenaires d\u2019exception et&nbsp;de&nbsp;confiance qui&nbsp;font de&nbsp;votre mariage leur&nbsp;priorit\u00e9 et&nbsp;qui&nbsp;partagent les&nbsp;<\/p>\t\t\t\t<\/div>\n\t\t\t\t<\/div>\n\t\t\t\t\t<\/div>\n\t\t<\/div>\n\t\t\t\t\t<\/div>\n\t\t<\/section>\n\t\t\t\t<section class=\"elementor-section elementor-top-section elementor-element elementor-element-99f750f elementor-section-boxed elementor-section-height-default elementor-section-height-default\" data-id=\"99f750f\" data-element_type=\"section\" data-e-type=\"section\" data-settings=\"{&quot;background_background&quot;:&quot;classic&quot;}\">\n\t\t\t\t\t\t<div class=\"elementor-container elementor-column-gap-default\">\n\t\t\t\t\t<div class=\"elementor-column elementor-col-25 elementor-top-column elementor-element elementor-element-ab91440\" data-id=\"ab91440\" data-element_type=\"column\" data-e-type=\"column\">\n\t\t\t<div class=\"elementor-widget-wrap elementor-element-populated\">\n\t\t\t\t\t\t<div class=\"elementor-element elementor-element-2222158 elementor-widget elementor-widget-image\" data-id=\"2222158\" data-element_type=\"widget\" data-e-type=\"widget\" data-widget_type=\"image.default\">\n\t\t\t\t<div class=\"elementor-widget-container\">\n\t\t\t\t\t\t\t\t\t\t\t\t\t\t\t\t<a href=\"https:\/\/www.helen.fr\/\">\n\t\t\t\t\t\t\t<img fetchpriority=\"high\" decoding=\"async\" width=\"512\" height=\"512\" src=\"https:\/\/weddings-in-provence.com\/wp-content\/uploads\/2020\/03\/he\u0301len.png\" class=\"attachment-large size-large wp-image-1541\" alt=\"\" srcset=\"https:\/\/weddings-in-provence.com\/wp-content\/uploads\/2020\/03\/he\u0301len.png 512w, https:\/\/weddings-in-provence.com\/wp-content\/uploads\/2020\/03\/he\u0301len-300x300.png 300w, https:\/\/weddings-in-provence.com\/wp-content\/uploads\/2020\/03\/he\u0301len-150x150.png 150w\" sizes=\"(max-width: 512px) 100vw, 512px\" \/>\t\t\t\t\t\t\t\t<\/a>\n\t\t\t\t\t\t\t\t\t\t\t\t\t\t\t<\/div>\n\t\t\t\t<\/div>\n\t\t\t\t<div class=\"elementor-element elementor-element-a4cbea9 elementor-widget elementor-widget-heading\" data-id=\"a4cbea9\" data-element_type=\"widget\" data-e-type=\"widget\" data-widget_type=\"heading.default\">\n\t\t\t\t<div class=\"elementor-widget-container\">\n\t\t\t\t\t<h3 class=\"elementor-heading-title elementor-size-default\">H\u00e9len traiteur<\/h3>\t\t\t\t<\/div>\n\t\t\t\t<\/div>\n\t\t\t\t<div class=\"elementor-element elementor-element-f5513d6 elementor-widget elementor-widget-heading\" data-id=\"f5513d6\" data-element_type=\"widget\" data-e-type=\"widget\" data-widget_type=\"heading.default\">\n\t\t\t\t<div class=\"elementor-widget-container\">\n\t\t\t\t\t<p class=\"elementor-heading-title elementor-size-default\">Le Grand Sud a son traiteur depuis 1959.\n<\/p>\t\t\t\t<\/div>\n\t\t\t\t<\/div>\n\t\t\t\t\t<\/div>\n\t\t<\/div>\n\t\t\t\t<div class=\"elementor-column elementor-col-25 elementor-top-column elementor-element elementor-element-672bd8a\" data-id=\"672bd8a\" data-element_type=\"column\" data-e-type=\"column\">\n\t\t\t<div class=\"elementor-widget-wrap elementor-element-populated\">\n\t\t\t\t\t\t<div class=\"elementor-element elementor-element-b3c99c7 elementor-widget elementor-widget-image\" data-id=\"b3c99c7\" data-element_type=\"widget\" data-e-type=\"widget\" data-widget_type=\"image.default\">\n\t\t\t\t<div class=\"elementor-widget-container\">\n\t\t\t\t\t\t\t\t\t\t\t\t\t\t\t\t<a href=\"http:\/\/www.domaineroche.fr\/index.php\/fr\/\">\n\t\t\t\t\t\t\t<img decoding=\"async\" width=\"512\" height=\"512\" src=\"https:\/\/weddings-in-provence.com\/wp-content\/uploads\/2020\/03\/domaine-roche.png\" class=\"attachment-large size-large wp-image-1542\" alt=\"\" srcset=\"https:\/\/weddings-in-provence.com\/wp-content\/uploads\/2020\/03\/domaine-roche.png 512w, https:\/\/weddings-in-provence.com\/wp-content\/uploads\/2020\/03\/domaine-roche-300x300.png 300w, https:\/\/weddings-in-provence.com\/wp-content\/uploads\/2020\/03\/domaine-roche-150x150.png 150w\" sizes=\"(max-width: 512px) 100vw, 512px\" \/>\t\t\t\t\t\t\t\t<\/a>\n\t\t\t\t\t\t\t\t\t\t\t\t\t\t\t<\/div>\n\t\t\t\t<\/div>\n\t\t\t\t<div class=\"elementor-element elementor-element-74284bf elementor-widget elementor-widget-heading\" data-id=\"74284bf\" data-element_type=\"widget\" data-e-type=\"widget\" data-widget_type=\"heading.default\">\n\t\t\t\t<div class=\"elementor-widget-container\">\n\t\t\t\t\t<h3 class=\"elementor-heading-title elementor-size-default\">Domaine Roche\n<\/h3>\t\t\t\t<\/div>\n\t\t\t\t<\/div>\n\t\t\t\t<div class=\"elementor-element elementor-element-0e808db elementor-widget elementor-widget-heading\" data-id=\"0e808db\" data-element_type=\"widget\" data-e-type=\"widget\" data-widget_type=\"heading.default\">\n\t\t\t\t<div class=\"elementor-widget-container\">\n\t\t\t\t\t<p class=\"elementor-heading-title elementor-size-default\">Passez commande d\u00e8s aujourd\u2019hui pour un vin rouge d\u2019Appellation d\u2019Origine Contr\u00f4l\u00e9e C\u00f4tes du Rh\u00f4ne Villages Cairanne, de caract\u00e8re \u00e9l\u00e9gant et onctueux.\n<\/p>\t\t\t\t<\/div>\n\t\t\t\t<\/div>\n\t\t\t\t\t<\/div>\n\t\t<\/div>\n\t\t\t\t<div class=\"elementor-column elementor-col-25 elementor-top-column elementor-element elementor-element-461d5d1\" data-id=\"461d5d1\" data-element_type=\"column\" data-e-type=\"column\">\n\t\t\t<div class=\"elementor-widget-wrap elementor-element-populated\">\n\t\t\t\t\t\t<div class=\"elementor-element elementor-element-e15fd09 elementor-widget elementor-widget-image\" data-id=\"e15fd09\" data-element_type=\"widget\" data-e-type=\"widget\" data-widget_type=\"image.default\">\n\t\t\t\t<div class=\"elementor-widget-container\">\n\t\t\t\t\t\t\t\t\t\t\t\t\t\t\t\t<a href=\"https:\/\/www.facebook.com\/EmrahCamliPhotography\">\n\t\t\t\t\t\t\t<img decoding=\"async\" width=\"512\" height=\"512\" src=\"https:\/\/weddings-in-provence.com\/wp-content\/uploads\/2020\/03\/emrah-camli.png\" class=\"attachment-large size-large wp-image-1543\" alt=\"\" srcset=\"https:\/\/weddings-in-provence.com\/wp-content\/uploads\/2020\/03\/emrah-camli.png 512w, https:\/\/weddings-in-provence.com\/wp-content\/uploads\/2020\/03\/emrah-camli-300x300.png 300w, https:\/\/weddings-in-provence.com\/wp-content\/uploads\/2020\/03\/emrah-camli-150x150.png 150w\" sizes=\"(max-width: 512px) 100vw, 512px\" \/>\t\t\t\t\t\t\t\t<\/a>\n\t\t\t\t\t\t\t\t\t\t\t\t\t\t\t<\/div>\n\t\t\t\t<\/div>\n\t\t\t\t<div class=\"elementor-element elementor-element-920ac21 elementor-widget elementor-widget-heading\" data-id=\"920ac21\" data-element_type=\"widget\" data-e-type=\"widget\" data-widget_type=\"heading.default\">\n\t\t\t\t<div class=\"elementor-widget-container\">\n\t\t\t\t\t<h3 class=\"elementor-heading-title elementor-size-default\">Emrah Camli Photography\n<\/h3>\t\t\t\t<\/div>\n\t\t\t\t<\/div>\n\t\t\t\t<div class=\"elementor-element elementor-element-a95c3fc elementor-widget elementor-widget-heading\" data-id=\"a95c3fc\" data-element_type=\"widget\" data-e-type=\"widget\" data-widget_type=\"heading.default\">\n\t\t\t\t<div class=\"elementor-widget-container\">\n\t\t\t\t\t<p class=\"elementor-heading-title elementor-size-default\">Photographe international polyvalent.\n<\/p>\t\t\t\t<\/div>\n\t\t\t\t<\/div>\n\t\t\t\t\t<\/div>\n\t\t<\/div>\n\t\t\t\t<div class=\"elementor-column elementor-col-25 elementor-top-column elementor-element elementor-element-94ebc16\" data-id=\"94ebc16\" data-element_type=\"column\" data-e-type=\"column\">\n\t\t\t<div class=\"elementor-widget-wrap elementor-element-populated\">\n\t\t\t\t\t\t<div class=\"elementor-element elementor-element-e72f989 elementor-widget elementor-widget-image\" data-id=\"e72f989\" data-element_type=\"widget\" data-e-type=\"widget\" data-widget_type=\"image.default\">\n\t\t\t\t<div class=\"elementor-widget-container\">\n\t\t\t\t\t\t\t\t\t\t\t\t\t\t\t\t<a href=\"https:\/\/www.levieuxplatane.fr\/\">\n\t\t\t\t\t\t\t<img loading=\"lazy\" decoding=\"async\" width=\"512\" height=\"512\" src=\"https:\/\/weddings-in-provence.com\/wp-content\/uploads\/2020\/03\/le-vieux-platane.png\" class=\"attachment-large size-large wp-image-1546\" alt=\"\" srcset=\"https:\/\/weddings-in-provence.com\/wp-content\/uploads\/2020\/03\/le-vieux-platane.png 512w, https:\/\/weddings-in-provence.com\/wp-content\/uploads\/2020\/03\/le-vieux-platane-300x300.png 300w, https:\/\/weddings-in-provence.com\/wp-content\/uploads\/2020\/03\/le-vieux-platane-150x150.png 150w\" sizes=\"(max-width: 512px) 100vw, 512px\" \/>\t\t\t\t\t\t\t\t<\/a>\n\t\t\t\t\t\t\t\t\t\t\t\t\t\t\t<\/div>\n\t\t\t\t<\/div>\n\t\t\t\t<div class=\"elementor-element elementor-element-46c223c elementor-widget elementor-widget-heading\" data-id=\"46c223c\" data-element_type=\"widget\" data-e-type=\"widget\" data-widget_type=\"heading.default\">\n\t\t\t\t<div class=\"elementor-widget-container\">\n\t\t\t\t\t<h3 class=\"elementor-heading-title elementor-size-default\">Le Vieux Platane \u2013 Cairanne\n<\/h3>\t\t\t\t<\/div>\n\t\t\t\t<\/div>\n\t\t\t\t<div class=\"elementor-element elementor-element-78a0eb7 elementor-widget elementor-widget-heading\" data-id=\"78a0eb7\" data-element_type=\"widget\" data-e-type=\"widget\" data-widget_type=\"heading.default\">\n\t\t\t\t<div class=\"elementor-widget-container\">\n\t\t\t\t\t<p class=\"elementor-heading-title elementor-size-default\">Charmante Maison d\u2019h\u00f4tes et lieu de r\u00e9ception atypique.\n<\/p>\t\t\t\t<\/div>\n\t\t\t\t<\/div>\n\t\t\t\t\t<\/div>\n\t\t<\/div>\n\t\t\t\t\t<\/div>\n\t\t<\/section>\n\t\t\t\t<\/div>","protected":false},"excerpt":{"rendered":"<p>Un esprit d&rsquo;\u00e9quipe Nos partenaires L\u2019organisation d\u2019un&nbsp;\u00e9v\u00e9nement, c\u2019est aussi et&nbsp;surtout un&nbsp;travail d\u2019\u00e9quipe entre tous&nbsp;les&nbsp;prestataires. C\u2019est&nbsp;la&nbsp;raison pour&nbsp;laquelle nous&nbsp;s\u00e9lectionnons des&nbsp;partenaires d\u2019exception et&nbsp;de&nbsp;confiance qui&nbsp;font de&nbsp;votre mariage leur&nbsp;priorit\u00e9 et&nbsp;qui&nbsp;partagent les&nbsp; H\u00e9len traiteur Le Grand Sud a son traiteur depuis 1959. Domaine Roche Passez commande d\u00e8s aujourd\u2019hui pour un vin rouge d\u2019Appellation d\u2019Origine Contr\u00f4l\u00e9e C\u00f4tes du Rh\u00f4ne Villages Cairanne, de [&hellip;]<\/p>\n","protected":false},"author":1,"featured_media":0,"parent":0,"menu_order":0,"comment_status":"closed","ping_status":"closed","template":"","meta":{"_acf_changed":false,"footnotes":""},"class_list":["post-1527","page","type-page","status-publish","hentry"],"acf":[],"yoast_head":"<!-- This site is optimized with the Yoast SEO plugin v27.5 - https:\/\/yoast.com\/product\/yoast-seo-wordpress\/ -->\n<title>Nos partenaires - Weddings in Provence<\/title>\n<meta name=\"description\" content=\"Une liste non exhaustive de lieux et de personnes avec qui nous avons particuli\u00e8rement aim\u00e9 travailler !\" \/>\n<meta name=\"robots\" content=\"index, follow, max-snippet:-1, max-image-preview:large, max-video-preview:-1\" \/>\n<link rel=\"canonical\" href=\"https:\/\/weddings-in-provence.com\/en\/nos-partenaires\/\" \/>\n<meta property=\"og:locale\" content=\"en_US\" \/>\n<meta property=\"og:type\" content=\"article\" \/>\n<meta property=\"og:title\" content=\"Nos partenaires - Weddings in Provence\" \/>\n<meta property=\"og:description\" content=\"Une liste non exhaustive de lieux et de personnes avec qui nous avons particuli\u00e8rement aim\u00e9 travailler !\" \/>\n<meta property=\"og:url\" content=\"https:\/\/weddings-in-provence.com\/en\/nos-partenaires\/\" \/>\n<meta property=\"og:site_name\" content=\"Weddings in Provence\" \/>\n<meta property=\"article:modified_time\" content=\"2020-03-18T16:18:21+00:00\" \/>\n<meta property=\"og:image\" content=\"https:\/\/weddings-in-provence.com\/wp-content\/uploads\/2020\/03\/he\u0301len.png\" \/>\n<meta name=\"twitter:card\" content=\"summary_large_image\" \/>\n<meta name=\"twitter:label1\" content=\"Est. reading time\" \/>\n\t<meta name=\"twitter:data1\" content=\"1 minute\" \/>\n<script type=\"application\/ld+json\" class=\"yoast-schema-graph\">{\"@context\":\"https:\\\/\\\/schema.org\",\"@graph\":[{\"@type\":\"WebPage\",\"@id\":\"https:\\\/\\\/weddings-in-provence.com\\\/nos-partenaires\\\/\",\"url\":\"https:\\\/\\\/weddings-in-provence.com\\\/nos-partenaires\\\/\",\"name\":\"Nos partenaires - Weddings in Provence\",\"isPartOf\":{\"@id\":\"https:\\\/\\\/weddings-in-provence.com\\\/#website\"},\"primaryImageOfPage\":{\"@id\":\"https:\\\/\\\/weddings-in-provence.com\\\/nos-partenaires\\\/#primaryimage\"},\"image\":{\"@id\":\"https:\\\/\\\/weddings-in-provence.com\\\/nos-partenaires\\\/#primaryimage\"},\"thumbnailUrl\":\"https:\\\/\\\/weddings-in-provence.com\\\/wp-content\\\/uploads\\\/2020\\\/03\\\/domaine-roche.png\",\"datePublished\":\"2020-03-05T11:02:46+00:00\",\"dateModified\":\"2020-03-18T16:18:21+00:00\",\"description\":\"Une liste non exhaustive de lieux et de personnes avec qui nous avons particuli\u00e8rement aim\u00e9 travailler !\",\"breadcrumb\":{\"@id\":\"https:\\\/\\\/weddings-in-provence.com\\\/nos-partenaires\\\/#breadcrumb\"},\"inLanguage\":\"en-US\",\"potentialAction\":[{\"@type\":\"ReadAction\",\"target\":[\"https:\\\/\\\/weddings-in-provence.com\\\/nos-partenaires\\\/\"]}]},{\"@type\":\"ImageObject\",\"inLanguage\":\"en-US\",\"@id\":\"https:\\\/\\\/weddings-in-provence.com\\\/nos-partenaires\\\/#primaryimage\",\"url\":\"https:\\\/\\\/weddings-in-provence.com\\\/wp-content\\\/uploads\\\/2020\\\/03\\\/domaine-roche.png\",\"contentUrl\":\"https:\\\/\\\/weddings-in-provence.com\\\/wp-content\\\/uploads\\\/2020\\\/03\\\/domaine-roche.png\"},{\"@type\":\"BreadcrumbList\",\"@id\":\"https:\\\/\\\/weddings-in-provence.com\\\/nos-partenaires\\\/#breadcrumb\",\"itemListElement\":[{\"@type\":\"ListItem\",\"position\":1,\"name\":\"Accueil\",\"item\":\"https:\\\/\\\/weddings-in-provence.com\\\/\"},{\"@type\":\"ListItem\",\"position\":2,\"name\":\"Nos partenaires\"}]},{\"@type\":\"WebSite\",\"@id\":\"https:\\\/\\\/weddings-in-provence.com\\\/#website\",\"url\":\"https:\\\/\\\/weddings-in-provence.com\\\/\",\"name\":\"Weddings in Provence\",\"description\":\"Un mariage d&#039;exception en Provence\",\"publisher\":{\"@id\":\"https:\\\/\\\/weddings-in-provence.com\\\/#organization\"},\"potentialAction\":[{\"@type\":\"SearchAction\",\"target\":{\"@type\":\"EntryPoint\",\"urlTemplate\":\"https:\\\/\\\/weddings-in-provence.com\\\/?s={search_term_string}\"},\"query-input\":{\"@type\":\"PropertyValueSpecification\",\"valueRequired\":true,\"valueName\":\"search_term_string\"}}],\"inLanguage\":\"en-US\"},{\"@type\":\"Organization\",\"@id\":\"https:\\\/\\\/weddings-in-provence.com\\\/#organization\",\"name\":\"Weddings in Provence\",\"url\":\"https:\\\/\\\/weddings-in-provence.com\\\/\",\"logo\":{\"@type\":\"ImageObject\",\"inLanguage\":\"en-US\",\"@id\":\"https:\\\/\\\/weddings-in-provence.com\\\/#\\\/schema\\\/logo\\\/image\\\/\",\"url\":\"https:\\\/\\\/weddings-in-provence.com\\\/wp-content\\\/uploads\\\/2020\\\/03\\\/WIP-logo-or.png\",\"contentUrl\":\"https:\\\/\\\/weddings-in-provence.com\\\/wp-content\\\/uploads\\\/2020\\\/03\\\/WIP-logo-or.png\",\"width\":1014,\"height\":1024,\"caption\":\"Weddings in Provence\"},\"image\":{\"@id\":\"https:\\\/\\\/weddings-in-provence.com\\\/#\\\/schema\\\/logo\\\/image\\\/\"}}]}<\/script>\n<!-- \/ Yoast SEO plugin. -->","yoast_head_json":{"title":"Nos partenaires - Weddings in Provence","description":"Une liste non exhaustive de lieux et de personnes avec qui nous avons particuli\u00e8rement aim\u00e9 travailler !","robots":{"index":"index","follow":"follow","max-snippet":"max-snippet:-1","max-image-preview":"max-image-preview:large","max-video-preview":"max-video-preview:-1"},"canonical":"https:\/\/weddings-in-provence.com\/en\/nos-partenaires\/","og_locale":"en_US","og_type":"article","og_title":"Nos partenaires - Weddings in Provence","og_description":"Une liste non exhaustive de lieux et de personnes avec qui nous avons particuli\u00e8rement aim\u00e9 travailler !","og_url":"https:\/\/weddings-in-provence.com\/en\/nos-partenaires\/","og_site_name":"Weddings in Provence","article_modified_time":"2020-03-18T16:18:21+00:00","og_image":[{"url":"https:\/\/weddings-in-provence.com\/wp-content\/uploads\/2020\/03\/he\u0301len.png","type":"","width":"","height":""}],"twitter_card":"summary_large_image","twitter_misc":{"Est. reading time":"1 minute"},"schema":{"@context":"https:\/\/schema.org","@graph":[{"@type":"WebPage","@id":"https:\/\/weddings-in-provence.com\/nos-partenaires\/","url":"https:\/\/weddings-in-provence.com\/nos-partenaires\/","name":"Nos partenaires - Weddings in Provence","isPartOf":{"@id":"https:\/\/weddings-in-provence.com\/#website"},"primaryImageOfPage":{"@id":"https:\/\/weddings-in-provence.com\/nos-partenaires\/#primaryimage"},"image":{"@id":"https:\/\/weddings-in-provence.com\/nos-partenaires\/#primaryimage"},"thumbnailUrl":"https:\/\/weddings-in-provence.com\/wp-content\/uploads\/2020\/03\/domaine-roche.png","datePublished":"2020-03-05T11:02:46+00:00","dateModified":"2020-03-18T16:18:21+00:00","description":"Une liste non exhaustive de lieux et de personnes avec qui nous avons particuli\u00e8rement aim\u00e9 travailler !","breadcrumb":{"@id":"https:\/\/weddings-in-provence.com\/nos-partenaires\/#breadcrumb"},"inLanguage":"en-US","potentialAction":[{"@type":"ReadAction","target":["https:\/\/weddings-in-provence.com\/nos-partenaires\/"]}]},{"@type":"ImageObject","inLanguage":"en-US","@id":"https:\/\/weddings-in-provence.com\/nos-partenaires\/#primaryimage","url":"https:\/\/weddings-in-provence.com\/wp-content\/uploads\/2020\/03\/domaine-roche.png","contentUrl":"https:\/\/weddings-in-provence.com\/wp-content\/uploads\/2020\/03\/domaine-roche.png"},{"@type":"BreadcrumbList","@id":"https:\/\/weddings-in-provence.com\/nos-partenaires\/#breadcrumb","itemListElement":[{"@type":"ListItem","position":1,"name":"Accueil","item":"https:\/\/weddings-in-provence.com\/"},{"@type":"ListItem","position":2,"name":"Nos partenaires"}]},{"@type":"WebSite","@id":"https:\/\/weddings-in-provence.com\/#website","url":"https:\/\/weddings-in-provence.com\/","name":"Weddings in Provence","description":"Un mariage d&#039;exception en Provence","publisher":{"@id":"https:\/\/weddings-in-provence.com\/#organization"},"potentialAction":[{"@type":"SearchAction","target":{"@type":"EntryPoint","urlTemplate":"https:\/\/weddings-in-provence.com\/?s={search_term_string}"},"query-input":{"@type":"PropertyValueSpecification","valueRequired":true,"valueName":"search_term_string"}}],"inLanguage":"en-US"},{"@type":"Organization","@id":"https:\/\/weddings-in-provence.com\/#organization","name":"Weddings in Provence","url":"https:\/\/weddings-in-provence.com\/","logo":{"@type":"ImageObject","inLanguage":"en-US","@id":"https:\/\/weddings-in-provence.com\/#\/schema\/logo\/image\/","url":"https:\/\/weddings-in-provence.com\/wp-content\/uploads\/2020\/03\/WIP-logo-or.png","contentUrl":"https:\/\/weddings-in-provence.com\/wp-content\/uploads\/2020\/03\/WIP-logo-or.png","width":1014,"height":1024,"caption":"Weddings in Provence"},"image":{"@id":"https:\/\/weddings-in-provence.com\/#\/schema\/logo\/image\/"}}]}},"_links":{"self":[{"href":"https:\/\/weddings-in-provence.com\/en\/wp-json\/wp\/v2\/pages\/1527","targetHints":{"allow":["GET"]}}],"collection":[{"href":"https:\/\/weddings-in-provence.com\/en\/wp-json\/wp\/v2\/pages"}],"about":[{"href":"https:\/\/weddings-in-provence.com\/en\/wp-json\/wp\/v2\/types\/page"}],"author":[{"embeddable":true,"href":"https:\/\/weddings-in-provence.com\/en\/wp-json\/wp\/v2\/users\/1"}],"replies":[{"embeddable":true,"href":"https:\/\/weddings-in-provence.com\/en\/wp-json\/wp\/v2\/comments?post=1527"}],"version-history":[{"count":0,"href":"https:\/\/weddings-in-provence.com\/en\/wp-json\/wp\/v2\/pages\/1527\/revisions"}],"wp:attachment":[{"href":"https:\/\/weddings-in-provence.com\/en\/wp-json\/wp\/v2\/media?parent=1527"}],"curies":[{"name":"wp","href":"https:\/\/api.w.org\/{rel}","templated":true}]}}